{"id":9348,"date":"2024-04-03T15:41:00","date_gmt":"2024-04-03T15:41:00","guid":{"rendered":"https:\/\/designed4-you.com\/?post_type=product&#038;p=9348"},"modified":"2026-02-09T08:53:15","modified_gmt":"2026-02-09T08:53:15","slug":"sac-a-bandouliere-paillete-rose","status":"publish","type":"product","link":"https:\/\/designed4-you.com\/fr\/produit\/sac-a-bandouliere-paillete-rose\/","title":{"rendered":"Sac \u00e0 bandouli\u00e8re paillet\u00e9 rose"},"content":{"rendered":"<p>Ce magnifique sac \u00e0 bandouli\u00e8re paillet\u00e9e rose attire tous les regards. Il est dot\u00e9 d\u2019une cha\u00eene m\u00e9tallique amovible de 1m30 et d\u2019un joli fermoir \u00e0 chat magn\u00e9tique argent.<\/p>\n<p>L\u2019ext\u00e9rieur du sac est fait de tissu en similicuir paillet\u00e9 et est enti\u00e8rement doubl\u00e9 d\u2019un beau tissu floral en coton.<\/p>\n<p>Ce sac \u00e0 bandouli\u00e8re tendance et \u00e0 la mode, est facile \u00e0 porter et attire tous les regards. Il est id\u00e9al comme sac de soir\u00e9e ou comme un joli sac d\u2019\u00e9t\u00e9.<\/p>\n<p>Ce beau sac est un produit unique, fait \u00e0 la main dans le sud de la France, en Provence, sur la C\u00f4te d\u2019Azur.<\/p>","protected":false},"excerpt":{"rendered":"<p>Ce beau sac est un produit unique, fait \u00e0 la main dans le sud de la France, en Provence, sur la C\u00f4te d\u2019Azur.<\/p>\n<p>Les dimensions sont :<\/p>\n<p>Largeur : 27 cm<\/p>\n<p>Profondeur : 11 cm<\/p>\n<p>Hauteur : 18 cm<\/p>\n<p>Poids : 280 g<\/p>\n<p><strong>Mat\u00e9riaux<\/strong>: similicuir, m\u00e9tal, coton<\/p>","protected":false},"featured_media":2417,"comment_status":"open","ping_status":"closed","template":"","meta":{"om_disable_all_campaigns":false},"product_brand":[],"product_cat":[706,710],"product_tag":[],"class_list":{"0":"post-9348","1":"product","2":"type-product","3":"status-publish","4":"has-post-thumbnail","6":"product_cat-accessoires-fr","7":"product_cat-sacs","8":"product_shipping_class-m-fr-de-fr","9":"product_shipping_class-s-fr-fr","10":"product_shipping_class-xl-fr","11":"pa_color-grey-en","12":"pa_color-pink-en","13":"pa_material-cotton-en","14":"pa_material-imitation-leather-en","15":"pa_material-metal-en","17":"first","18":"instock","19":"taxable","20":"shipping-taxable","21":"purchasable","22":"product-type-simple"},"_links":{"self":[{"href":"https:\/\/designed4-you.com\/fr\/wp-json\/wp\/v2\/product\/9348","targetHints":{"allow":["GET"]}}],"collection":[{"href":"https:\/\/designed4-you.com\/fr\/wp-json\/wp\/v2\/product"}],"about":[{"href":"https:\/\/designed4-you.com\/fr\/wp-json\/wp\/v2\/types\/product"}],"replies":[{"embeddable":true,"href":"https:\/\/designed4-you.com\/fr\/wp-json\/wp\/v2\/comments?post=9348"}],"version-history":[{"count":0,"href":"https:\/\/designed4-you.com\/fr\/wp-json\/wp\/v2\/product\/9348\/revisions"}],"wp:featuredmedia":[{"embeddable":true,"href":"https:\/\/designed4-you.com\/fr\/wp-json\/wp\/v2\/media\/2417"}],"wp:attachment":[{"href":"https:\/\/designed4-you.com\/fr\/wp-json\/wp\/v2\/media?parent=9348"}],"wp:term":[{"taxonomy":"product_brand","embeddable":true,"href":"https:\/\/designed4-you.com\/fr\/wp-json\/wp\/v2\/product_brand?post=9348"},{"taxonomy":"product_cat","embeddable":true,"href":"https:\/\/designed4-you.com\/fr\/wp-json\/wp\/v2\/product_cat?post=9348"},{"taxonomy":"product_tag","embeddable":true,"href":"https:\/\/designed4-you.com\/fr\/wp-json\/wp\/v2\/product_tag?post=9348"}],"curies":[{"name":"wp","href":"https:\/\/api.w.org\/{rel}","templated":true}]}}