{"id":9354,"date":"2024-04-03T15:53:14","date_gmt":"2024-04-03T15:53:14","guid":{"rendered":"https:\/\/designed4-you.com\/?post_type=product&#038;p=9354"},"modified":"2024-04-03T16:00:32","modified_gmt":"2024-04-03T16:00:32","slug":"sac-a-main-marron-et-beige-a-motif-python-en-simili-cuir","status":"publish","type":"product","link":"https:\/\/designed4-you.com\/fr\/produit\/sac-a-main-marron-et-beige-a-motif-python-en-simili-cuir\/","title":{"rendered":"Sac \u00e0 main marron et beige \u00e0 motif python en simili cuir"},"content":{"rendered":"<p>Ce sac \u00e0 main d\u2019inspiration python est tr\u00e8s \u00e9l\u00e9gant. Il est dot\u00e9 de poign\u00e9es en cuir brun, d\u2019un fermoir avec un pendentif dor\u00e9 et d\u2019une t\u00eate de chat noir en similicuir cousu sur le devant du sac. L\u2019ext\u00e9rieur du sac est en tissu similicuir, il est enti\u00e8rement doubl\u00e9 d\u2019un beau tissu en velours c\u00f4tel\u00e9 brun, d\u2019une poche int\u00e9rieure et comporte une fermeture magn\u00e9tique.<\/p>\n<p>C\u2019est le sac de tous les jours, \u00e9l\u00e9gant, pour la vie professionnelle ou plus d\u00e9contract\u00e9 pour le week-end. Vous pouvez \u00e9galement le porter en toutes saisons. C\u2019est un sac unique et utile pour votre vie quotidienne.<\/p>\n<p>Ce beau sac est un produit unique, fabriqu\u00e9 \u00e0 la main dans le sud de la France, en Provence, sur la C\u00f4te d\u2019Azur.<\/p>","protected":false},"excerpt":{"rendered":"<p>Ce magnifique sac est un produit unique, fabriqu\u00e9 \u00e0 la main dans le sud de la France, en Provence, sur la C\u00f4te d\u2019Azur.<\/p>\n<p>Les dimensions sont:<\/p>\n<p>Largeur : 36 cm<\/p>\n<p>Profondeur : 10 cm<\/p>\n<p>Hauteur : 23 cm<\/p>\n<p>Poids : 316 g<\/p>\n<p><strong>Mat\u00e9riaux<\/strong>: simili cuir, cuir, coton<\/p>","protected":false},"featured_media":2412,"comment_status":"open","ping_status":"closed","template":"","meta":{"om_disable_all_campaigns":false},"product_brand":[],"product_cat":[706,710],"product_tag":[],"class_list":{"0":"post-9354","1":"product","2":"type-product","3":"status-publish","4":"has-post-thumbnail","6":"product_cat-accessoires-fr","7":"product_cat-sacs","8":"product_shipping_class-m-fr-de-fr","9":"product_shipping_class-s-fr-fr","10":"product_shipping_class-xl-fr","11":"pa_color-beige-fr","12":"pa_color-black-fr","13":"pa_material-cotton-en","14":"pa_material-imitation-leather-en","15":"pa_material-leather-en","17":"first","18":"instock","19":"taxable","20":"shipping-taxable","21":"purchasable","22":"product-type-simple"},"_links":{"self":[{"href":"https:\/\/designed4-you.com\/fr\/wp-json\/wp\/v2\/product\/9354","targetHints":{"allow":["GET"]}}],"collection":[{"href":"https:\/\/designed4-you.com\/fr\/wp-json\/wp\/v2\/product"}],"about":[{"href":"https:\/\/designed4-you.com\/fr\/wp-json\/wp\/v2\/types\/product"}],"replies":[{"embeddable":true,"href":"https:\/\/designed4-you.com\/fr\/wp-json\/wp\/v2\/comments?post=9354"}],"version-history":[{"count":0,"href":"https:\/\/designed4-you.com\/fr\/wp-json\/wp\/v2\/product\/9354\/revisions"}],"wp:featuredmedia":[{"embeddable":true,"href":"https:\/\/designed4-you.com\/fr\/wp-json\/wp\/v2\/media\/2412"}],"wp:attachment":[{"href":"https:\/\/designed4-you.com\/fr\/wp-json\/wp\/v2\/media?parent=9354"}],"wp:term":[{"taxonomy":"product_brand","embeddable":true,"href":"https:\/\/designed4-you.com\/fr\/wp-json\/wp\/v2\/product_brand?post=9354"},{"taxonomy":"product_cat","embeddable":true,"href":"https:\/\/designed4-you.com\/fr\/wp-json\/wp\/v2\/product_cat?post=9354"},{"taxonomy":"product_tag","embeddable":true,"href":"https:\/\/designed4-you.com\/fr\/wp-json\/wp\/v2\/product_tag?post=9354"}],"curies":[{"name":"wp","href":"https:\/\/api.w.org\/{rel}","templated":true}]}}