{"id":9362,"date":"2024-04-03T16:07:06","date_gmt":"2024-04-03T16:07:06","guid":{"rendered":"https:\/\/designed4-you.com\/?post_type=product&#038;p=9362"},"modified":"2024-04-03T16:14:34","modified_gmt":"2024-04-03T16:14:34","slug":"sac-a-main-beige-et-creme-a-motif-python-en-simili-cuir-avec-poignees-en-resine","status":"publish","type":"product","link":"https:\/\/designed4-you.com\/fr\/produit\/sac-a-main-beige-et-creme-a-motif-python-en-simili-cuir-avec-poignees-en-resine\/","title":{"rendered":"Sac \u00e0 main beige et cr\u00e8me \u00e0 motif python en simili cuir avec poign\u00e9es en r\u00e9sine"},"content":{"rendered":"<p>Ce sac \u00e0 main beige et cr\u00e8me d\u2019inspiration python est tr\u00e8s \u00e9l\u00e9gant. Il est dot\u00e9 de poign\u00e9es de sac \u00e0 main en acrylique brun et de chats en similicuir cousu sur le devant du sac.<\/p>\n<p>L\u2019ext\u00e9rieur du sac est en tissu similicuir d\u2019inspiration python, il est enti\u00e8rement doubl\u00e9 d\u2019un tissu de savane color\u00e9e et est dot\u00e9 d\u2019une poche int\u00e9rieure.<\/p>\n<p>Il est parfait pour la vie professionnelle et peut \u00eatre utilis\u00e9 pendant les saisons d\u2019\u00e9t\u00e9 \/ printemps. C\u2019est un sac utile unique et agr\u00e9able pour votre vie quotidienne.<\/p>\n<p>Ce beau sac est un produit unique, fait \u00e0 la main dans le sud de la France, en Provence, sur la C\u00f4te d\u2019Azur.<\/p>","protected":false},"excerpt":{"rendered":"<p>Ce beau sac est un produit unique, fait \u00e0 la main dans le sud de la France, en Provence, sur la C\u00f4te d\u2019Azur.<\/p>\n<p>Les dimensions sont\u00a0:<\/p>\n<p>Largeur\u00a0: 34 cm<\/p>\n<p>Profondeur\u00a0: 8 cm<\/p>\n<p>Hauteur\u00a0: 33 cm<\/p>\n<p>Poids\u00a0: 400 g<\/p>\n<p><strong>Mat\u00e9riaux:<\/strong>\u00a0coton, similicuir<\/p>","protected":false},"featured_media":2408,"comment_status":"open","ping_status":"closed","template":"","meta":{"om_disable_all_campaigns":false},"product_brand":[],"product_cat":[706,710],"product_tag":[],"class_list":{"0":"post-9362","1":"product","2":"type-product","3":"status-publish","4":"has-post-thumbnail","6":"product_cat-accessoires-fr","7":"product_cat-sacs","8":"product_shipping_class-m-fr-de-fr","9":"product_shipping_class-s-fr-fr","10":"product_shipping_class-xl-fr","11":"pa_color-beige-fr","12":"pa_color-black-fr","13":"pa_material-cotton-en","14":"pa_material-imitation-leather-en","15":"pa_material-plastic-en","17":"first","18":"instock","19":"taxable","20":"shipping-taxable","21":"purchasable","22":"product-type-simple"},"_links":{"self":[{"href":"https:\/\/designed4-you.com\/fr\/wp-json\/wp\/v2\/product\/9362","targetHints":{"allow":["GET"]}}],"collection":[{"href":"https:\/\/designed4-you.com\/fr\/wp-json\/wp\/v2\/product"}],"about":[{"href":"https:\/\/designed4-you.com\/fr\/wp-json\/wp\/v2\/types\/product"}],"replies":[{"embeddable":true,"href":"https:\/\/designed4-you.com\/fr\/wp-json\/wp\/v2\/comments?post=9362"}],"version-history":[{"count":0,"href":"https:\/\/designed4-you.com\/fr\/wp-json\/wp\/v2\/product\/9362\/revisions"}],"wp:featuredmedia":[{"embeddable":true,"href":"https:\/\/designed4-you.com\/fr\/wp-json\/wp\/v2\/media\/2408"}],"wp:attachment":[{"href":"https:\/\/designed4-you.com\/fr\/wp-json\/wp\/v2\/media?parent=9362"}],"wp:term":[{"taxonomy":"product_brand","embeddable":true,"href":"https:\/\/designed4-you.com\/fr\/wp-json\/wp\/v2\/product_brand?post=9362"},{"taxonomy":"product_cat","embeddable":true,"href":"https:\/\/designed4-you.com\/fr\/wp-json\/wp\/v2\/product_cat?post=9362"},{"taxonomy":"product_tag","embeddable":true,"href":"https:\/\/designed4-you.com\/fr\/wp-json\/wp\/v2\/product_tag?post=9362"}],"curies":[{"name":"wp","href":"https:\/\/api.w.org\/{rel}","templated":true}]}}