{"id":9375,"date":"2024-04-03T20:31:21","date_gmt":"2024-04-03T20:31:21","guid":{"rendered":"https:\/\/designed4-you.com\/?post_type=product&#038;p=9375"},"modified":"2024-04-03T20:52:20","modified_gmt":"2024-04-03T20:52:20","slug":"pochette-en-velours-rouge-et-blanc-avec-figure-de-cerf","status":"publish","type":"product","link":"https:\/\/designed4-you.com\/fr\/produit\/pochette-en-velours-rouge-et-blanc-avec-figure-de-cerf\/","title":{"rendered":"Pochette en velours rouge et blanc avec figure de cerf"},"content":{"rendered":"<p>Cette belle pochette rouge avec un cerf blanc et poign\u00e9e est tr\u00e8s \u00e9l\u00e9gante et pratique. La base carr\u00e9e permet \u00e0 la pochette de tenir debout seule.<\/p>\n<p>L\u2019ext\u00e9rieur de la pochette est fait en polyester, est enti\u00e8rement doubl\u00e9 d\u2019un tissu beige de coton et dot\u00e9e d\u2019une fermeture \u00e9clair rouge, d\u2019un pompon blanc et d\u2019une anse rouge \/ blanche.<\/p>\n<p>Il est parfait comme sac \u00e0 main, kit de voyage ou accessoire de sac.<\/p>\n<p>Ce produit unique, bas\u00e9 sur \u00ab l\u2019upcycling, recyclage \u00bb et est fait \u00e0 la main en France, en Moselle, dans le Grand Est.<\/p>\n<p>Cette belle pochette est le cadeau parfait pour vous, votre famille ou vos amis. Il peut \u00eatre combin\u00e9 avec un joli porte-monnaie.<\/p>","protected":false},"excerpt":{"rendered":"<p>Cette belle pochette rouge et blanche avec anse est un produit unique bas\u00e9 sur \u00ab l\u2019upcycling, r\u00e9utilisation d\u2019objets \u00bb Il est fait \u00e0 la main en France, en Moselle, dans le Grand Est.<\/p>\n<p>Il est parfait comme sac \u00e0 main, kit de voyage ou accessoire de sac.<\/p>\n<p>Les dimensions sont :<\/p>\n<p>Largeur : 26 cm + 25,5 cm pour la poign\u00e9e<\/p>\n<p>Profondeur : 8 cm<\/p>\n<p>Hauteur : 15,5 cm<\/p>\n<p>Poids: 100 g<\/p>\n<p><strong>Mat\u00e9riau:<\/strong>\u00a0Polyester<\/p>","protected":false},"featured_media":2350,"comment_status":"open","ping_status":"closed","template":"","meta":{"om_disable_all_campaigns":false},"product_brand":[],"product_cat":[706,710],"product_tag":[],"class_list":{"0":"post-9375","1":"product","2":"type-product","3":"status-publish","4":"has-post-thumbnail","6":"product_cat-accessoires-fr","7":"product_cat-sacs","8":"product_shipping_class-m-fr-de-fr","9":"product_shipping_class-s-fr-fr","10":"product_shipping_class-xl-fr","11":"pa_material-cotton-en","12":"pa_material-polyester-en","14":"first","15":"instock","16":"taxable","17":"shipping-taxable","18":"purchasable","19":"product-type-simple"},"_links":{"self":[{"href":"https:\/\/designed4-you.com\/fr\/wp-json\/wp\/v2\/product\/9375","targetHints":{"allow":["GET"]}}],"collection":[{"href":"https:\/\/designed4-you.com\/fr\/wp-json\/wp\/v2\/product"}],"about":[{"href":"https:\/\/designed4-you.com\/fr\/wp-json\/wp\/v2\/types\/product"}],"replies":[{"embeddable":true,"href":"https:\/\/designed4-you.com\/fr\/wp-json\/wp\/v2\/comments?post=9375"}],"version-history":[{"count":0,"href":"https:\/\/designed4-you.com\/fr\/wp-json\/wp\/v2\/product\/9375\/revisions"}],"wp:featuredmedia":[{"embeddable":true,"href":"https:\/\/designed4-you.com\/fr\/wp-json\/wp\/v2\/media\/2350"}],"wp:attachment":[{"href":"https:\/\/designed4-you.com\/fr\/wp-json\/wp\/v2\/media?parent=9375"}],"wp:term":[{"taxonomy":"product_brand","embeddable":true,"href":"https:\/\/designed4-you.com\/fr\/wp-json\/wp\/v2\/product_brand?post=9375"},{"taxonomy":"product_cat","embeddable":true,"href":"https:\/\/designed4-you.com\/fr\/wp-json\/wp\/v2\/product_cat?post=9375"},{"taxonomy":"product_tag","embeddable":true,"href":"https:\/\/designed4-you.com\/fr\/wp-json\/wp\/v2\/product_tag?post=9375"}],"curies":[{"name":"wp","href":"https:\/\/api.w.org\/{rel}","templated":true}]}}