{"id":9381,"date":"2024-04-03T20:54:13","date_gmt":"2024-04-03T20:54:13","guid":{"rendered":"https:\/\/designed4-you.com\/?post_type=product&#038;p=9381"},"modified":"2024-04-03T21:17:43","modified_gmt":"2024-04-03T21:17:43","slug":"sculpture-dun-loup-et-dun-agneau-en-papier-mache","status":"publish","type":"product","link":"https:\/\/designed4-you.com\/fr\/produit\/sculpture-dun-loup-et-dun-agneau-en-papier-mache\/","title":{"rendered":"Sculpture d\u2019un loup et d\u2019un agneau en papier m\u00e2ch\u00e9"},"content":{"rendered":"<p>Une splendide oeuvre d\u2019art pour d\u00e9corer et apporter de la po\u00e9sie \u00e0 votre salon!<\/p>\n<p>Cette sculpture en papier m\u00e2ch\u00e9 est fabriqu\u00e9e \u00e0 partir de papier journal, c\u2019est un produit \u00e9cologique et m\u00eame bas\u00e9 sur \u201cl\u2019upcycling\u201d, recyclage.<\/p>\n<p>Cette sculpture est une belle pi\u00e8ce d\u2019art unique en papier m\u00e2ch\u00e9, fabriqu\u00e9e en Allemagne, en Rh\u00e9nanie Palatinat.<\/p>\n<p>C\u2019est un parfait cadeau \u00e0 offrir \u00e0 ses amis, \u00e0 sa famille ou \u00e0 soi-m\u00eame! Et c\u2019est bas\u00e9 sur l\u2019upcycling, la r\u00e9utilsation des objets<\/p>","protected":false},"excerpt":{"rendered":"<p>Cette sculpture apporte un peu de po\u00e9sie et d\u2019art \u00e0 votre int\u00e9rieur !<\/p>\n<p>C\u2019est une belle \u0153uvre d\u2019art et un produit artisanal unique en papier m\u00e2ch\u00e9<\/p>\n<p>Il apportera une touche de fantaisie et de d\u00e9coration \u00e0 votre salon.<\/p>\n<p>C\u2019est un parfait cadeau \u00e0 offrir \u00e0 ses amis, \u00e0 sa famille ou \u00e0 soi-m\u00eame! Et c\u2019est bas\u00e9 sur l\u2019upcycling, la r\u00e9utilsation des objets<\/p>\n<p>Les dimensions sont:<\/p>\n<p>Largeur 12 cm<\/p>\n<p>Profondeur: 11 cm<\/p>\n<p>Hauteur: 29 cm incluant la pierre, 23 cm sans<\/p>\n<p>Poids: 1809 g<\/p>","protected":false},"featured_media":6772,"comment_status":"closed","ping_status":"closed","template":"","meta":{"om_disable_all_campaigns":false},"product_brand":[],"product_cat":[730,746],"product_tag":[],"class_list":{"0":"post-9381","1":"product","2":"type-product","3":"status-publish","4":"has-post-thumbnail","6":"product_cat-decoration-fr","7":"product_cat-sculpture-fr","8":"product_shipping_class-m-fr-de-fr","9":"product_shipping_class-s-fr-fr","10":"product_shipping_class-xl-fr","11":"pa_color-grey-en","12":"pa_color-white-en","13":"pa_material-papier-mache-en","14":"pa_material-stainless-steel-en","15":"pa_material-stone-en","17":"first","18":"instock","19":"taxable","20":"shipping-taxable","21":"purchasable","22":"product-type-simple"},"_links":{"self":[{"href":"https:\/\/designed4-you.com\/fr\/wp-json\/wp\/v2\/product\/9381","targetHints":{"allow":["GET"]}}],"collection":[{"href":"https:\/\/designed4-you.com\/fr\/wp-json\/wp\/v2\/product"}],"about":[{"href":"https:\/\/designed4-you.com\/fr\/wp-json\/wp\/v2\/types\/product"}],"replies":[{"embeddable":true,"href":"https:\/\/designed4-you.com\/fr\/wp-json\/wp\/v2\/comments?post=9381"}],"version-history":[{"count":0,"href":"https:\/\/designed4-you.com\/fr\/wp-json\/wp\/v2\/product\/9381\/revisions"}],"wp:featuredmedia":[{"embeddable":true,"href":"https:\/\/designed4-you.com\/fr\/wp-json\/wp\/v2\/media\/6772"}],"wp:attachment":[{"href":"https:\/\/designed4-you.com\/fr\/wp-json\/wp\/v2\/media?parent=9381"}],"wp:term":[{"taxonomy":"product_brand","embeddable":true,"href":"https:\/\/designed4-you.com\/fr\/wp-json\/wp\/v2\/product_brand?post=9381"},{"taxonomy":"product_cat","embeddable":true,"href":"https:\/\/designed4-you.com\/fr\/wp-json\/wp\/v2\/product_cat?post=9381"},{"taxonomy":"product_tag","embeddable":true,"href":"https:\/\/designed4-you.com\/fr\/wp-json\/wp\/v2\/product_tag?post=9381"}],"curies":[{"name":"wp","href":"https:\/\/api.w.org\/{rel}","templated":true}]}}