{"id":9395,"date":"2024-04-03T21:41:54","date_gmt":"2024-04-03T21:41:54","guid":{"rendered":"https:\/\/designed4-you.com\/?post_type=product&#038;p=9395"},"modified":"2024-08-25T18:07:23","modified_gmt":"2024-08-25T18:07:23","slug":"petit-sac-paillete-dore-a-bandouliere","status":"publish","type":"product","link":"https:\/\/designed4-you.com\/fr\/produit\/petit-sac-paillete-dore-a-bandouliere\/","title":{"rendered":"Petit sac paillet\u00e9 dor\u00e9 \u00e0 bandouli\u00e8re"},"content":{"rendered":"<p>Ce petit sac dor\u00e9, paillet\u00e9 \u00e0 bandouli\u00e8re attire le regard. Il est dot\u00e9 d\u2019une bandouli\u00e8re amovible et r\u00e9glable de 1m13, d\u2019un pendentif dor\u00e9 et d\u2019un joli fermoir \u00e0 chat magn\u00e9tique dor\u00e9.<\/p>\n<p>L\u2019ext\u00e9rieur du sac est fait en similicuir paillet\u00e9 et est enti\u00e8rement doubl\u00e9 d\u2019un beau tissu \u00e0 motif de savane.<\/p>\n<p>Ce petit sac \u00e0 bandouli\u00e8re tendance et \u00e0 la mode, est facile \u00e0 porter et attire le regard. Il est id\u00e9al comme sac de soir\u00e9e ou comme un joli sac d\u2019\u00e9t\u00e9.<\/p>\n<p>Ce beau sac est un produit unique, fait \u00e0 la main dans le sud de la France, en Provence, sur la C\u00f4te d\u2019Azur.<\/p>","protected":false},"excerpt":{"rendered":"<p>Ce beau sac est un produit unique, fait \u00e0 la main dans le sud de la France, en Provence, sur la C\u00f4te d\u2019Azur.<\/p>\n<p>Les dimensions sont :<\/p>\n<p>Largeur : 19 cm<\/p>\n<p>Profondeur : 9 cm<\/p>\n<p>Hauteur : 15 cm<\/p>\n<p>Poids : 170 g<\/p>\n<p><strong>Mat\u00e9riaux<\/strong>: similicuir, cuir, coton<\/p>","protected":false},"featured_media":2400,"comment_status":"open","ping_status":"closed","template":"","meta":{"om_disable_all_campaigns":false},"product_brand":[],"product_cat":[706,710],"product_tag":[],"class_list":{"0":"post-9395","1":"product","2":"type-product","3":"status-publish","4":"has-post-thumbnail","6":"product_cat-accessoires-fr","7":"product_cat-sacs","8":"product_shipping_class-m-fr-de-fr","9":"product_shipping_class-s-fr-fr","10":"product_shipping_class-xl-fr","12":"first","13":"instock","14":"taxable","15":"shipping-taxable","16":"purchasable","17":"product-type-simple"},"_links":{"self":[{"href":"https:\/\/designed4-you.com\/fr\/wp-json\/wp\/v2\/product\/9395","targetHints":{"allow":["GET"]}}],"collection":[{"href":"https:\/\/designed4-you.com\/fr\/wp-json\/wp\/v2\/product"}],"about":[{"href":"https:\/\/designed4-you.com\/fr\/wp-json\/wp\/v2\/types\/product"}],"replies":[{"embeddable":true,"href":"https:\/\/designed4-you.com\/fr\/wp-json\/wp\/v2\/comments?post=9395"}],"version-history":[{"count":0,"href":"https:\/\/designed4-you.com\/fr\/wp-json\/wp\/v2\/product\/9395\/revisions"}],"wp:featuredmedia":[{"embeddable":true,"href":"https:\/\/designed4-you.com\/fr\/wp-json\/wp\/v2\/media\/2400"}],"wp:attachment":[{"href":"https:\/\/designed4-you.com\/fr\/wp-json\/wp\/v2\/media?parent=9395"}],"wp:term":[{"taxonomy":"product_brand","embeddable":true,"href":"https:\/\/designed4-you.com\/fr\/wp-json\/wp\/v2\/product_brand?post=9395"},{"taxonomy":"product_cat","embeddable":true,"href":"https:\/\/designed4-you.com\/fr\/wp-json\/wp\/v2\/product_cat?post=9395"},{"taxonomy":"product_tag","embeddable":true,"href":"https:\/\/designed4-you.com\/fr\/wp-json\/wp\/v2\/product_tag?post=9395"}],"curies":[{"name":"wp","href":"https:\/\/api.w.org\/{rel}","templated":true}]}}