{"id":9400,"date":"2024-04-03T21:51:49","date_gmt":"2024-04-03T21:51:49","guid":{"rendered":"https:\/\/designed4-you.com\/?post_type=product&#038;p=9400"},"modified":"2026-02-08T22:58:28","modified_gmt":"2026-02-08T22:58:28","slug":"mobile-fee-en-robe-a-pois-noire-en-papier-mache","status":"publish","type":"product","link":"https:\/\/designed4-you.com\/fr\/produit\/mobile-fee-en-robe-a-pois-noire-en-papier-mache\/","title":{"rendered":"Mobile f\u00e9e en robe \u00e0 pois noire en papier m\u00e2ch\u00e9"},"content":{"rendered":"<p>Ce magnifique mobile f\u00e9e sur ressort est une \u0153uvre d\u2019art originale et un produit unique fait \u00e0 la main en papier m\u00e2ch\u00e9. Il doit \u00eatre accroch\u00e9 et rebondit doucement sur son ressort.<\/p>\n<p>Cette sculpture en papier m\u00e2ch\u00e9 et les ailes dor\u00e9es sont faites en papier journal. La robe est faite de papier fin, durcie avec de la colle. Les cheveux sont faits \u00e0 partir de spirale de nettoyage en acier inoxydable et sont pulv\u00e9ris\u00e9s avec de la laque.<\/p>\n<p>Ce mobile sur ressort est une \u0153uvre d\u2019art unique faite \u00e0 la main et originale, fabriqu\u00e9 en Allemagne, en Rh\u00e9nanie- Palatinat.<\/p>\n<p>C\u2019est le cadeau parfait pour surprendre, amuser votre famille et vos amis et rendre l\u2019int\u00e9rieur de leur maison unique !<\/p>\n<div class=\"wp-video\">\n<div id=\"mep_1\" class=\"mejs-container mejs-container-keyboard-inactive wp-video-shortcode mejs-video\" tabindex=\"0\" role=\"application\" aria-label=\"Lecteur vid\u00e9o\">\n<div class=\"mejs-inner\">\n<div class=\"mejs-mediaelement\">\n<div style=\"width: 800px;\" class=\"wp-video\"><video class=\"wp-video-shortcode\" id=\"video-9400-2\" width=\"800\" height=\"450\" preload=\"metadata\" controls=\"controls\"><source type=\"video\/mp4\" src=\"https:\/\/designed4-you.com\/wp-content\/uploads\/2022\/03\/Springy-fairy-mobile-in-a-dress-with-polka-dots-in-papier-mache2.mp4?_=2\" \/><a href=\"https:\/\/designed4-you.com\/wp-content\/uploads\/2022\/03\/Springy-fairy-mobile-in-a-dress-with-polka-dots-in-papier-mache2.mp4\">https:\/\/designed4-you.com\/wp-content\/uploads\/2022\/03\/Springy-fairy-mobile-in-a-dress-with-polka-dots-in-papier-mache2.mp4<\/a><\/video><\/div>\n<\/div>\n<div class=\"mejs-layers\">\n<div class=\"mejs-overlay mejs-layer mejs-overlay-play\">\n<div class=\"mejs-overlay-button\" tabindex=\"0\" role=\"button\" aria-label=\"Lecture\" aria-pressed=\"false\"><\/div>\n<\/div>\n<\/div>\n<div class=\"mejs-controls\">\n<div class=\"mejs-button mejs-playpause-button mejs-play\">Cette sculpture en papier m\u00e2ch\u00e9 et les ailes dor\u00e9es sont faites en papier journal. La robe est faite de papier fin, durcie avec de la colle. Les cheveux sont faits \u00e0 partir de spirale de nettoyage en acier inoxydable et sont pulv\u00e9ris\u00e9s avec de la laque.<\/div>\n<\/div>\n<\/div>\n<\/div>\n<\/div>\n<p>Ce mobile sur ressort est une \u0153uvre d\u2019art unique faite \u00e0 la main et originale, fabriqu\u00e9 en Allemagne, en Rh\u00e9nanie- Palatinat.<\/p>\n<p>C\u2019est le cadeau parfait pour surprendre, amuser votre famille et vos amis et rendre l\u2019int\u00e9rieur de leur maison unique !<\/p>","protected":false},"excerpt":{"rendered":"<p>Un mobile original et beau pour \u00e9gayer l\u2019int\u00e9rieur de votre maison et le rendre unique !<\/p>\n<p>Ce magnifique mobile f\u00e9e sur ressort est une \u0153uvre d\u2019art originale et un produit unique fait \u00e0 la main en papier m\u00e2ch\u00e9. Il doit \u00eatre accroch\u00e9 et rebondit doucement sur son ressort.<\/p>\n<div class=\"wp-video\">\n<div id=\"mep_0\" class=\"mejs-container mejs-container-keyboard-inactive wp-video-shortcode mejs-video\" tabindex=\"0\" role=\"application\" aria-label=\"Lecteur vid\u00e9o\">\n<div class=\"mejs-inner\">\n<div class=\"mejs-mediaelement\">\n<div style=\"width: 800px;\" class=\"wp-video\"><video class=\"wp-video-shortcode\" id=\"video-9400-1\" width=\"800\" height=\"450\" preload=\"metadata\" controls=\"controls\"><source type=\"video\/mp4\" src=\"https:\/\/designed4-you.com\/wp-content\/uploads\/2022\/03\/Springy-fairy-mobile-in-a-dress-with-polka-dots-in-papier-mache.mp4?_=1\" \/><a href=\"https:\/\/designed4-you.com\/wp-content\/uploads\/2022\/03\/Springy-fairy-mobile-in-a-dress-with-polka-dots-in-papier-mache.mp4\">https:\/\/designed4-you.com\/wp-content\/uploads\/2022\/03\/Springy-fairy-mobile-in-a-dress-with-polka-dots-in-papier-mache.mp4<\/a><\/video><\/div>\n<\/div>\n<div class=\"mejs-layers\">\n<div class=\"mejs-overlay mejs-layer mejs-overlay-play\">\n<div class=\"mejs-overlay-button\" tabindex=\"0\" role=\"button\" aria-label=\"Lecture\" aria-pressed=\"false\"><\/div>\n<\/div>\n<\/div>\n<div class=\"mejs-controls\">\n<div class=\"mejs-button mejs-playpause-button mejs-play\">Les dimensions sont :<\/div>\n<\/div>\n<\/div>\n<\/div>\n<\/div>\n<p>Largeur\u00a0: 21 cm<\/p>\n<p>Profondeur\u00a0: 12 cm<\/p>\n<p>Hauteur\u00a0: 21 cm<\/p>\n<p>Poids\u00a0: 125 g<\/p>\n<p><strong>Materiaux<\/strong>: papier-m\u00e2ch\u00e9, metal, acier inoxydable<\/p>","protected":false},"featured_media":3948,"comment_status":"open","ping_status":"closed","template":"","meta":{"om_disable_all_campaigns":false},"product_brand":[],"product_cat":[730,754,746],"product_tag":[],"class_list":{"0":"post-9400","1":"product","2":"type-product","3":"status-publish","4":"has-post-thumbnail","6":"product_cat-decoration-fr","7":"product_cat-mobile-fr","8":"product_cat-sculpture-fr","9":"product_shipping_class-m-fr-de-fr","10":"product_shipping_class-s-fr-fr","11":"product_shipping_class-xl-fr","12":"pa_color-beige-fr","13":"pa_color-black-fr","14":"pa_material-metal-en","15":"pa_material-papier-mache-en","16":"pa_material-stainless-steel-en","18":"first","19":"instock","20":"taxable","21":"shipping-taxable","22":"purchasable","23":"product-type-simple"},"_links":{"self":[{"href":"https:\/\/designed4-you.com\/fr\/wp-json\/wp\/v2\/product\/9400","targetHints":{"allow":["GET"]}}],"collection":[{"href":"https:\/\/designed4-you.com\/fr\/wp-json\/wp\/v2\/product"}],"about":[{"href":"https:\/\/designed4-you.com\/fr\/wp-json\/wp\/v2\/types\/product"}],"replies":[{"embeddable":true,"href":"https:\/\/designed4-you.com\/fr\/wp-json\/wp\/v2\/comments?post=9400"}],"version-history":[{"count":0,"href":"https:\/\/designed4-you.com\/fr\/wp-json\/wp\/v2\/product\/9400\/revisions"}],"wp:featuredmedia":[{"embeddable":true,"href":"https:\/\/designed4-you.com\/fr\/wp-json\/wp\/v2\/media\/3948"}],"wp:attachment":[{"href":"https:\/\/designed4-you.com\/fr\/wp-json\/wp\/v2\/media?parent=9400"}],"wp:term":[{"taxonomy":"product_brand","embeddable":true,"href":"https:\/\/designed4-you.com\/fr\/wp-json\/wp\/v2\/product_brand?post=9400"},{"taxonomy":"product_cat","embeddable":true,"href":"https:\/\/designed4-you.com\/fr\/wp-json\/wp\/v2\/product_cat?post=9400"},{"taxonomy":"product_tag","embeddable":true,"href":"https:\/\/designed4-you.com\/fr\/wp-json\/wp\/v2\/product_tag?post=9400"}],"curies":[{"name":"wp","href":"https:\/\/api.w.org\/{rel}","templated":true}]}}