{"id":9408,"date":"2024-04-03T22:10:10","date_gmt":"2024-04-03T22:10:10","guid":{"rendered":"https:\/\/designed4-you.com\/?post_type=product&#038;p=9408"},"modified":"2026-02-09T04:30:56","modified_gmt":"2026-02-09T04:30:56","slug":"mobile-fee-en-robe-rouge-en-papier-mache","status":"publish","type":"product","link":"https:\/\/designed4-you.com\/fr\/produit\/mobile-fee-en-robe-rouge-en-papier-mache\/","title":{"rendered":"Mobile f\u00e9e en robe rouge en papier m\u00e2ch\u00e9"},"content":{"rendered":"<p>Un mobile original et beau pour \u00e9gayer l\u2019int\u00e9rieur de votre maison et le rendre unique !<\/p>\n<p>Ce magnifique mobile de f\u00e9es printanier est une \u0153uvre d\u2019art originale et un produit unique fait \u00e0 la main en papier m\u00e2ch\u00e9. Il doit \u00eatre accroch\u00e9 et rebondit doucement sur son ressort.<\/p>\n<p>Cette sculpture en papier m\u00e2ch\u00e9 et les ailes dor\u00e9es sont faites de papier journal. La robe est faite de papier mince, raidi avec de la p\u00e2te. Les cheveux sont pulv\u00e9ris\u00e9s avec warnish d\u2019un morceau de spirale de nettoyage en acier inoxydable.<\/p>\n<p>Ce mobile printanier est une \u0153uvre d\u2019art unique faite \u00e0 la main et originale, fabriqu\u00e9 en Allemagne, en Rh\u00e9nanie-Palatinat.<\/p>\n<p>C\u2019est le cadeau parfait pour surprendre, amuser votre famille et vos amis et rendre l\u2019int\u00e9rieur de leur maison unique !<\/p>","protected":false},"excerpt":{"rendered":"<p>Un mobile original et beau pour \u00e9gayer l\u2019int\u00e9rieur de votre maison et le rendre unique !<\/p>\n<div style=\"width: 800px;\" class=\"wp-video\"><video class=\"wp-video-shortcode\" id=\"video-9408-1\" width=\"800\" height=\"450\" preload=\"metadata\" controls=\"controls\"><source type=\"video\/mp4\" src=\"https:\/\/designed4-you.com\/wp-content\/uploads\/2022\/03\/Springyfairymobileinareddress-1.mp4?_=1\" \/><a href=\"https:\/\/designed4-you.com\/wp-content\/uploads\/2022\/03\/Springyfairymobileinareddress-1.mp4\">https:\/\/designed4-you.com\/wp-content\/uploads\/2022\/03\/Springyfairymobileinareddress-1.mp4<\/a><\/video><\/div>\n<p>Ce magnifique mobile f\u00e9e sur ressort est une \u0153uvre d\u2019art originale et un produit unique fait \u00e0 la main en papier m\u00e2ch\u00e9. Il doit \u00eatre accroch\u00e9 et rebondit gentiment sur son ressort. Les dimensions sont :<\/p>\n<p>Largeur : 15 cm<\/p>\n<p>Profondeur : 13 cm<\/p>\n<p>Hauteur : 18 cm<\/p>\n<p>Poids : 110 g<\/p>\n<p><strong>Material<\/strong>: papier-m\u00e2ch\u00e9, m\u00e9tal, acier inoxydable<\/p>","protected":false},"featured_media":3951,"comment_status":"open","ping_status":"closed","template":"","meta":{"om_disable_all_campaigns":false},"product_brand":[],"product_cat":[730,746],"product_tag":[],"class_list":{"0":"post-9408","1":"product","2":"type-product","3":"status-publish","4":"has-post-thumbnail","6":"product_cat-decoration-fr","7":"product_cat-sculpture-fr","8":"product_shipping_class-m-fr-de-fr","9":"product_shipping_class-s-fr-fr","10":"product_shipping_class-xl-fr","11":"pa_color-beige-fr","12":"pa_color-black-fr","13":"pa_material-metal-en","14":"pa_material-papier-mache-en","15":"pa_material-stainless-steel-en","17":"first","18":"instock","19":"taxable","20":"shipping-taxable","21":"purchasable","22":"product-type-simple"},"_links":{"self":[{"href":"https:\/\/designed4-you.com\/fr\/wp-json\/wp\/v2\/product\/9408","targetHints":{"allow":["GET"]}}],"collection":[{"href":"https:\/\/designed4-you.com\/fr\/wp-json\/wp\/v2\/product"}],"about":[{"href":"https:\/\/designed4-you.com\/fr\/wp-json\/wp\/v2\/types\/product"}],"replies":[{"embeddable":true,"href":"https:\/\/designed4-you.com\/fr\/wp-json\/wp\/v2\/comments?post=9408"}],"version-history":[{"count":0,"href":"https:\/\/designed4-you.com\/fr\/wp-json\/wp\/v2\/product\/9408\/revisions"}],"wp:featuredmedia":[{"embeddable":true,"href":"https:\/\/designed4-you.com\/fr\/wp-json\/wp\/v2\/media\/3951"}],"wp:attachment":[{"href":"https:\/\/designed4-you.com\/fr\/wp-json\/wp\/v2\/media?parent=9408"}],"wp:term":[{"taxonomy":"product_brand","embeddable":true,"href":"https:\/\/designed4-you.com\/fr\/wp-json\/wp\/v2\/product_brand?post=9408"},{"taxonomy":"product_cat","embeddable":true,"href":"https:\/\/designed4-you.com\/fr\/wp-json\/wp\/v2\/product_cat?post=9408"},{"taxonomy":"product_tag","embeddable":true,"href":"https:\/\/designed4-you.com\/fr\/wp-json\/wp\/v2\/product_tag?post=9408"}],"curies":[{"name":"wp","href":"https:\/\/api.w.org\/{rel}","templated":true}]}}