{"id":9412,"date":"2024-04-03T22:20:56","date_gmt":"2024-04-03T22:20:56","guid":{"rendered":"https:\/\/designed4-you.com\/?post_type=product&#038;p=9412"},"modified":"2024-08-25T18:08:40","modified_gmt":"2024-08-25T18:08:40","slug":"patere-de-nageuse-en-maillot-de-bain-fleuri-en-papier-mache","status":"publish","type":"product","link":"https:\/\/designed4-you.com\/fr\/produit\/patere-de-nageuse-en-maillot-de-bain-fleuri-en-papier-mache\/","title":{"rendered":"Pat\u00e8re de nageuse en maillot de bain fleuri en papier m\u00e2ch\u00e9"},"content":{"rendered":"<p>Une \u0153uvre d\u2019art utile et jolie pour accrocher serviettes de bain ou serviettes de toilette!<\/p>\n<p>Cette sculpture en papier m\u00e2ch\u00e9 est faite de papier journal, c\u2019est un produit \u00e9cologique et m\u00eame bas\u00e9 sur le upcycling, r\u00e9utilisation des objets. Le maillot et le bonnet de bain sont r\u00e9alis\u00e9s \u00e0 partir de papier fin , durcis avec de la colle.<\/p>\n<p>Ce crochet mural est une belle pi\u00e8ce d\u2019art utile et un produit unique fait \u00e0 la main en papier m\u00e2ch\u00e9, fabriqu\u00e9 en Allemagne, en Rh\u00e9nanie Palatinat.<\/p>\n<p>Il apportera une touche de fantaisie et de d\u00e9coration \u00e0 votre salle de bain, pour accrocher vos serviettes de bain ou \u00a0de toilette.<\/p>\n<p>C\u2019est le cadeau parfait pour vous, votre famille ou vos amis ! Et c\u2019est \u00e9cologique !<\/p>","protected":false},"excerpt":{"rendered":"<p>Cette pat\u00e8re crochet murale est une belle \u0153uvre d\u2019art utile et un produit unique fait \u00e0 la main en papier m\u00e2ch\u00e9.<br \/>\nIl apportera une touche de fantaisie et de d\u00e9coration \u00e0 votre salle de bain, sera utile pour accrocher vos tre serviettes de bain ou vos serviettes de toilette.<br \/>\nC\u2019est le cadeau parfait pour vous, votre famille ou vostre ami!amis ! Et c\u2019il est \u00e9cologique!\u00e9cologique !<\/p>\n<p>Les dimensions sont :<br \/>\nLargeur : 19 cm<br \/>\nProfondeur : 9 cm<br \/>\nHauteur : 30 cm avec crochet<\/p>\n<p>Poids : 154 g<br \/>\n<strong>Material<\/strong>: papier-m\u00e2ch\u00e9, papier, plastique<\/p>","protected":false},"featured_media":3975,"comment_status":"open","ping_status":"closed","template":"","meta":{"om_disable_all_campaigns":false},"product_brand":[],"product_cat":[758,730,746],"product_tag":[],"class_list":{"0":"post-9412","1":"product","2":"type-product","3":"status-publish","4":"has-post-thumbnail","6":"product_cat-accroche-murale","7":"product_cat-decoration-fr","8":"product_cat-sculpture-fr","9":"product_shipping_class-m-fr-de-fr","10":"product_shipping_class-s-fr-fr","11":"product_shipping_class-xl-fr","12":"pa_color-beige-fr","13":"pa_color-black-fr","14":"pa_material-paper-en","15":"pa_material-papier-mache-en","16":"pa_material-plastic-en","18":"first","19":"instock","20":"taxable","21":"shipping-taxable","22":"purchasable","23":"product-type-simple"},"_links":{"self":[{"href":"https:\/\/designed4-you.com\/fr\/wp-json\/wp\/v2\/product\/9412","targetHints":{"allow":["GET"]}}],"collection":[{"href":"https:\/\/designed4-you.com\/fr\/wp-json\/wp\/v2\/product"}],"about":[{"href":"https:\/\/designed4-you.com\/fr\/wp-json\/wp\/v2\/types\/product"}],"replies":[{"embeddable":true,"href":"https:\/\/designed4-you.com\/fr\/wp-json\/wp\/v2\/comments?post=9412"}],"version-history":[{"count":0,"href":"https:\/\/designed4-you.com\/fr\/wp-json\/wp\/v2\/product\/9412\/revisions"}],"wp:featuredmedia":[{"embeddable":true,"href":"https:\/\/designed4-you.com\/fr\/wp-json\/wp\/v2\/media\/3975"}],"wp:attachment":[{"href":"https:\/\/designed4-you.com\/fr\/wp-json\/wp\/v2\/media?parent=9412"}],"wp:term":[{"taxonomy":"product_brand","embeddable":true,"href":"https:\/\/designed4-you.com\/fr\/wp-json\/wp\/v2\/product_brand?post=9412"},{"taxonomy":"product_cat","embeddable":true,"href":"https:\/\/designed4-you.com\/fr\/wp-json\/wp\/v2\/product_cat?post=9412"},{"taxonomy":"product_tag","embeddable":true,"href":"https:\/\/designed4-you.com\/fr\/wp-json\/wp\/v2\/product_tag?post=9412"}],"curies":[{"name":"wp","href":"https:\/\/api.w.org\/{rel}","templated":true}]}}