{"id":9873,"date":"2024-05-27T09:35:06","date_gmt":"2024-05-27T09:35:06","guid":{"rendered":"https:\/\/designed4-you.com\/?post_type=product&#038;p=9873"},"modified":"2024-05-27T09:55:32","modified_gmt":"2024-05-27T09:55:32","slug":"9873","status":"publish","type":"product","link":"https:\/\/designed4-you.com\/fr\/produit\/9873\/","title":{"rendered":"Pochette plate au design floral"},"content":{"rendered":"<p>Cette pochette plate fait \u00e0 la main unique avec hanse evoque l\u2019\u00e9t\u00e9, est belle et pratique.<br \/>\nL\u2019ext\u00e9rieur de la pochette est en tissu 100% coton ou en polyamide. Elle est enti\u00e8rement doubl\u00e9e d\u2019un joli tissu en satin ou en coton et finie avec une fermeture \u00e0 glissi\u00e8re color\u00e9e.<br \/>\nCette pochette est unique et fabriqu\u00e9e \u00e0 la main en France, en Moselle, dans le Grand Est. Elle est id\u00e9ale pour \u00eatre utilis\u00e9e comme sac \u00e0 main pour la plage, trousse de voyage ou accessoire de sac.<br \/>\nC\u2019est le cadeau parfait pour vous, votre famille ou votre ami! Il peut \u00eatre combin\u00e9 avec un joli porte-monnaie.<\/p>","protected":false},"excerpt":{"rendered":"<p>Cette pochette plate unique, faite main avec hanse a un design estival, est belle, pratique et fabriqu\u00e9e en France, en Moselle, dans le Grand Est.<\/p>\n<p>Parfait comme sac \u00e0 main pour la plage, kit de voyage ou accessoires de sac.<\/p>\n<p>Les dimensions de ce sac plat unique fabriqu\u00e9 \u00e0 la main sont:<\/p>\n<p>Largeur\u00a0: environ 23 cm + 20 cm pour la poign\u00e9e<\/p>\n<p>Profondeur\u00a0: environ 2 cm<\/p>\n<p>Hauteur\u00a0: environ 20 cm<\/p>\n<p>Poids\u00a0: 95 g<\/p>\n<p>Mat\u00e9riaux : coton, polyamide, polyester, similicuir<\/p>","protected":false},"featured_media":9823,"comment_status":"closed","ping_status":"closed","template":"","meta":{"om_disable_all_campaigns":false},"product_brand":[],"product_cat":[706,714,710],"product_tag":[],"class_list":{"0":"post-9873","1":"product","2":"type-product","3":"status-publish","4":"has-post-thumbnail","6":"product_cat-accessoires-fr","7":"product_cat-pochettes","8":"product_cat-sacs","9":"product_shipping_class-m-fr-de-fr","10":"product_shipping_class-s-fr-fr","11":"product_shipping_class-xl-fr","13":"first","14":"instock","15":"taxable","16":"shipping-taxable","17":"purchasable","18":"product-type-variable"},"_links":{"self":[{"href":"https:\/\/designed4-you.com\/fr\/wp-json\/wp\/v2\/product\/9873","targetHints":{"allow":["GET"]}}],"collection":[{"href":"https:\/\/designed4-you.com\/fr\/wp-json\/wp\/v2\/product"}],"about":[{"href":"https:\/\/designed4-you.com\/fr\/wp-json\/wp\/v2\/types\/product"}],"replies":[{"embeddable":true,"href":"https:\/\/designed4-you.com\/fr\/wp-json\/wp\/v2\/comments?post=9873"}],"version-history":[{"count":0,"href":"https:\/\/designed4-you.com\/fr\/wp-json\/wp\/v2\/product\/9873\/revisions"}],"wp:featuredmedia":[{"embeddable":true,"href":"https:\/\/designed4-you.com\/fr\/wp-json\/wp\/v2\/media\/9823"}],"wp:attachment":[{"href":"https:\/\/designed4-you.com\/fr\/wp-json\/wp\/v2\/media?parent=9873"}],"wp:term":[{"taxonomy":"product_brand","embeddable":true,"href":"https:\/\/designed4-you.com\/fr\/wp-json\/wp\/v2\/product_brand?post=9873"},{"taxonomy":"product_cat","embeddable":true,"href":"https:\/\/designed4-you.com\/fr\/wp-json\/wp\/v2\/product_cat?post=9873"},{"taxonomy":"product_tag","embeddable":true,"href":"https:\/\/designed4-you.com\/fr\/wp-json\/wp\/v2\/product_tag?post=9873"}],"curies":[{"name":"wp","href":"https:\/\/api.w.org\/{rel}","templated":true}]}}